{"id":5658,"date":"2023-10-15T19:13:38","date_gmt":"2023-10-15T17:13:38","guid":{"rendered":"https:\/\/jdlhm-studio.com\/?page_id=5658"},"modified":"2025-12-22T15:34:00","modified_gmt":"2025-12-22T14:34:00","slug":"cv","status":"publish","type":"page","link":"https:\/\/jdlhm-studio.com\/index.php\/cv\/","title":{"rendered":"CV"},"content":{"rendered":"\t\t<div data-elementor-type=\"wp-page\" data-elementor-id=\"5658\" class=\"elementor elementor-5658\" data-elementor-post-type=\"page\">\n\t\t\t\t\t\t<section class=\"elementor-section elementor-top-section elementor-element elementor-element-95cb20b elementor-section-boxed elementor-section-height-default elementor-section-height-default\" data-id=\"95cb20b\" data-element_type=\"section\" data-e-type=\"section\">\n\t\t\t\t\t\t<div class=\"elementor-container elementor-column-gap-default\">\n\t\t\t\t\t<div class=\"elementor-column elementor-col-100 elementor-top-column elementor-element elementor-element-a61e8bb\" data-id=\"a61e8bb\" data-element_type=\"column\" data-e-type=\"column\" data-settings=\"{&quot;background_background&quot;:&quot;slideshow&quot;,&quot;background_slideshow_gallery&quot;:[],&quot;background_slideshow_slide_duration&quot;:5000,&quot;background_slideshow_slide_transition&quot;:&quot;fade&quot;,&quot;background_slideshow_transition_duration&quot;:500}\">\n\t\t\t<div class=\"elementor-widget-wrap elementor-element-populated\">\n\t\t\t\t\t\t<div class=\"elementor-element elementor-element-74afca8 elementor-widget elementor-widget-spacer\" data-id=\"74afca8\" data-element_type=\"widget\" data-e-type=\"widget\" data-widget_type=\"spacer.default\">\n\t\t\t\t<div class=\"elementor-widget-container\">\n\t\t\t\t\t\t\t<div class=\"elementor-spacer\">\n\t\t\t<div class=\"elementor-spacer-inner\"><\/div>\n\t\t<\/div>\n\t\t\t\t\t\t<\/div>\n\t\t\t\t<\/div>\n\t\t\t\t<div class=\"elementor-element elementor-element-188cdab elementor-widget__width-initial elementor-invisible elementor-widget elementor-widget-heading\" data-id=\"188cdab\" data-element_type=\"widget\" data-e-type=\"widget\" data-settings=\"{&quot;_animation&quot;:&quot;zoomIn&quot;}\" data-widget_type=\"heading.default\">\n\t\t\t\t<div class=\"elementor-widget-container\">\n\t\t\t\t\t<h1 class=\"elementor-heading-title elementor-size-default\">                      cv<\/h1>\t\t\t\t<\/div>\n\t\t\t\t<\/div>\n\t\t\t\t<div class=\"elementor-element elementor-element-6dd87dc elementor-widget elementor-widget-text-editor\" data-id=\"6dd87dc\" data-element_type=\"widget\" data-e-type=\"widget\" data-widget_type=\"text-editor.default\">\n\t\t\t\t<div class=\"elementor-widget-container\">\n\t\t\t\t\t\t\t\t\t<p><strong>jdlhm-studio@protonmail.com<\/strong><\/p>\t\t\t\t\t\t\t\t<\/div>\n\t\t\t\t<\/div>\n\t\t\t\t\t<\/div>\n\t\t<\/div>\n\t\t\t\t\t<\/div>\n\t\t<\/section>\n\t\t\t\t<section class=\"elementor-section elementor-top-section elementor-element elementor-element-c20014f elementor-section-full_width elementor-section-height-default elementor-section-height-default\" data-id=\"c20014f\" data-element_type=\"section\" data-e-type=\"section\" data-settings=\"{&quot;background_background&quot;:&quot;classic&quot;}\">\n\t\t\t\t\t\t\t<div class=\"elementor-background-overlay\"><\/div>\n\t\t\t\t\t\t\t<div class=\"elementor-container elementor-column-gap-default\">\n\t\t\t\t\t<div class=\"elementor-column elementor-col-100 elementor-top-column elementor-element elementor-element-599e419\" data-id=\"599e419\" data-element_type=\"column\" data-e-type=\"column\" data-settings=\"{&quot;background_background&quot;:&quot;gradient&quot;}\">\n\t\t\t<div class=\"elementor-widget-wrap elementor-element-populated\">\n\t\t\t\t\t\t<div class=\"elementor-element elementor-element-90186d4 elementor-widget elementor-widget-text-editor\" data-id=\"90186d4\" data-element_type=\"widget\" data-e-type=\"widget\" data-widget_type=\"text-editor.default\">\n\t\t\t\t<div class=\"elementor-widget-container\">\n\t\t\t\t\t\t\t\t\t<p><strong>Julien de La Hautemaison<br \/><\/strong><\/p>\t\t\t\t\t\t\t\t<\/div>\n\t\t\t\t<\/div>\n\t\t\t\t<div class=\"elementor-element elementor-element-9c5b889 elementor-widget__width-initial elementor-widget elementor-widget-text-editor\" data-id=\"9c5b889\" data-element_type=\"widget\" data-e-type=\"widget\" data-widget_type=\"text-editor.default\">\n\t\t\t\t<div class=\"elementor-widget-container\">\n\t\t\t\t\t\t\t\t\t<p><strong>Chef 0p\u00e9rateur du Son<\/strong><\/p>\t\t\t\t\t\t\t\t<\/div>\n\t\t\t\t<\/div>\n\t\t\t\t<div class=\"elementor-element elementor-element-137cef0 elementor-widget elementor-widget-text-editor\" data-id=\"137cef0\" data-element_type=\"widget\" data-e-type=\"widget\" data-widget_type=\"text-editor.default\">\n\t\t\t\t<div class=\"elementor-widget-container\">\n\t\t\t\t\t\t\t\t\t<p><em><strong><a href=\"https:\/\/m.imdb.com\/name\/nm1968598\/\">Lien IMDB<\/a><\/strong><\/em><\/p>\t\t\t\t\t\t\t\t<\/div>\n\t\t\t\t<\/div>\n\t\t\t\t<div class=\"elementor-element elementor-element-7ea9936 elementor-widget elementor-widget-text-editor\" data-id=\"7ea9936\" data-element_type=\"widget\" data-e-type=\"widget\" data-widget_type=\"text-editor.default\">\n\t\t\t\t<div class=\"elementor-widget-container\">\n\t\t\t\t\t\t\t\t\t<p><a href=\"https:\/\/jdlhm-studio.com\/index.php\/materiel-eng-prise-de-son\/\"><em>Materiel ENG\/Prise de Son<\/em><\/a><\/p>\t\t\t\t\t\t\t\t<\/div>\n\t\t\t\t<\/div>\n\t\t\t\t<div class=\"elementor-element elementor-element-e74351f elementor-widget__width-initial elementor-widget elementor-widget-text-editor\" data-id=\"e74351f\" data-element_type=\"widget\" data-e-type=\"widget\" data-widget_type=\"text-editor.default\">\n\t\t\t\t<div class=\"elementor-widget-container\">\n\t\t\t\t\t\t\t\t\t<p>.<span style=\"text-decoration: underline;\"><em><span style=\"color: #ff0000; text-decoration: underline;\"> FICTION-TV<\/span><\/em><\/span><\/p><p>2024-2025\u00a0 <strong><span style=\"text-decoration: underline;\"><em>Newen Prod<\/em><\/span><\/strong>. \u00ab\u00a0Plus belle la vie\u00a0\u00bb (Perchman)<\/p><p>.<\/p><p>2013-2025 <strong><em><span style=\"text-decoration: underline;\">Tf1 Prod<\/span><\/em><\/strong> \u00abPetits Secrets en Famille, PSe Voisins ,Une Histoire une Urgence\u00bb 200 \u00e9pisodes\u00a0<\/p><p>2018\/2020 <span style=\"text-decoration: underline;\"><em><strong>France2<\/strong><\/em><\/span> \u00ab\u00a0Un si grand soleil\u00a0\u00bb<\/p><p>.<\/p><p>2018<span style=\"text-decoration: underline;\"><em><strong> Black Dynamite-CANAL+<\/strong><\/em><\/span>\u00a0\u00bb Selon Thomas\u00a0\u00bb \u00a0 6&#215;26 mins -R\u00e9al Thomas N&rsquo;GIJOL, Carole Rocher<\/p><p>.<\/p><p>2018 <span style=\"text-decoration: underline;\"><strong><em>S\u00e9rie OCS<\/em>\u00a0 \u00ab\u00a025\u00a0\u00bb<\/strong><\/span>\u00a0 Prod: Christine Rouxel\u00a0 8x52mins. R\u00e9als: Bryan et Anthony Marciano, G\u00e9raldine Nakache<\/p><p>.<\/p><p>2016 <span style=\"text-decoration: underline;\"><em><strong>Molembakais prod.\/ CANAL +<\/strong><\/em><\/span> \u00ab\u00a0C&rsquo;kado\u00a0\u00bb Kad Merad et Olivier Barroux<\/p><p>.<\/p><p>2015 PMP Prod \/FRANCE 2\u00a0 \u00abL&rsquo;amour \u00e0 200 m\u00e8tres\u00bb FRANCE 2 . 15 \u00e9pisodes. R\u00e9f\u00e9rent Son<\/p><p>.<\/p><p>2012 \u00e0 2015 La Concepteria \/ FRANCE 2 \u00abLe Jour o\u00f9 tout a bascul\u00e9\u00bb 64\u00e9pisodes<\/p><p>.<\/p><p>2009 \u00e0 2011 Marathon\/SFP \/ FRANCE 2 \u00ab\u00a0Chante\u00a0\u00bb 3 Saisons 78 \u00e9pisodes<\/p><p>.<\/p><p>2007 \u00e0 2008 Marathon\/SFP \/ FRANCE 2 &#8211; \u00ab Les 5 s\u0153urs \u00bb 108 \u00e9pisodes. Formateur perchmans. 3 Cam\u00e9ras<\/p><p>.<\/p><p>2004 -2008 Dargaud Marina\/Bel Ombre Films \/ FRANCE 2 \u00ab\u00a0C.COM.C@\u00a0\u00bb74 \u00e9pisodes Perchman et substitue COPS<\/p><p><span style=\"text-decoration: underline; color: #0000ff;\"><em>TV BROADCAST<\/em><\/span><\/p><p><span style=\"color: #333333;\"><strong>EUROMEDIA Connectivity<\/strong><\/span> : Op\u00e9rateur Car R\u00e9gie .<\/p><p>Tour de France\u00a0 \u00a0 \u00a0 \u00a0 \u00a0 \u00a0 2024-2025<\/p><p>Artic Tour ,Norv\u00e8ge.\u00a0 2024-2025<\/p><p>Tour d&rsquo;Allemagne\u00a0 \u00a0 \u00a0 \u00a02024-2025<\/p><p>EURO\u00a0 HBS\u00a0 2021 (Budapest\/Bakou)<\/p><p><span style=\"text-decoration: underline;\"><em><span style=\"color: #993366;\"><strong>TV-REALITY<\/strong><\/span><\/em><\/span><\/p><p><em><span style=\"color: #993366;\"><strong>\u00a0<\/strong><\/span><\/em><\/p><p><u><b>Installations r\u00e9gies Flight et exploitations<\/b><\/u><\/p><p>.<\/p><p>2023 ALP \/ NETFLIX\u00a0 \u00ab\u00a0Jetset\u00a0\u00bb Mexique<\/p><p>.<\/p><p>2022 ITV \/Amazon Prime\u00a0 \u00ab\u00a0Cosmic Love\u00a0\u00bb Malte<\/p><p>.<\/p><p>2020 ITV \/ Amazon Prime\u00a0 \u00ab\u00a0Love Island\u00a0\u00bb Afrique du Sud<\/p><p>.<\/p><p>2019 ITV \/ TF1\u00a0 \u00ab Je suis une c\u00e9l\u00e9brit\u00e9&#8230; \u00bb Afrique du sud<\/p><p>.<\/p><p>2017\u00a0 SHINE TF1 \u00ab Baby Boom \u00bb\u00a0 Mixage flux<\/p><p>.<\/p><p>2012 \u00e0 2014\u00a0 SHINE TF1 \u00ab 24 heures aux urgences \u00bb\u00a0 Mixage flux<\/p><p>.<\/p><p>2011 \u00e0 2013\u00a0 SHINE TF1\u00a0 \u00abMaster Chef\u00bb 4 saisons 42 primes enregistr\u00e9s<\/p><p>.<\/p><p>2007 &#8211; 2008\u00a0 ENDEMOL TF1 Secret Story 1&amp;2\u00a0\u00a0 Mixage flux<\/p><p>.<\/p><p>2008\u00a0 ENDEMOL TF1\u00a0\u00a0 Star Academy Paris \u00a0 \u00a0 Mixage flux<\/p><p>.<\/p><p>2007\u00a0 ENDEMOL TF1\u00a0 Star Academy Maghreb en Tunisie<\/p><p>Installation compl\u00e8te des r\u00e9gies, plateau prime<br \/>Formation des techniciens Tunisiens<\/p><p>.<\/p><p>2005\u00a0 ENDEMOL TF1 \u00abLa 1\u00e8re Compagnie\u00a0\u00bb\u00a0 Guyane. Installation compl\u00e8te des r\u00e9gies. Quotidiennes en direct<\/p><p>.<\/p><p><span style=\"text-decoration: underline;\"><em><strong><span style=\"color: #808000; text-decoration: underline;\">TH\u00c9\u00c2TRE<\/span><\/strong><\/em><\/span><\/p><p><span style=\"text-decoration: underline;\"><em><strong><span style=\"color: #808000; text-decoration: underline;\">\u00a0<\/span><\/strong><\/em><\/span><\/p><p>Compagnie \u00ab\u00a0Coup de Pokers\u00a0\u00bb<br \/>Depuis 2010 Sound designer et R\u00e9gie<br \/>Cr\u00e9ation\/Design sonore sur logiciel Cubase\/Nuendo<br \/>Cr\u00e9ations de Guillaume Barbot. Avignon ,Th\u00e9\u00e2tre du Rond Point &#8230;<\/p><p>.<\/p><p><span style=\"text-decoration: underline; color: #ff0000;\"><em><strong>MUSIQUE<\/strong><\/em><\/span><\/p><p><span style=\"text-decoration: underline; color: #ff0000;\"><em><strong>\u00a0<\/strong><\/em><\/span><\/p><p>2021 France 2 Documentaire \u00ab\u00a0Une S\u00e9paration\u00a0\u00bb Mixage et Mastering de la musique\u00a0\u00a0\u00a0\u00a0\u00a0\u00a0 jdlhm-studio<\/p><p>.<\/p><p>2015 Brenus Music Mixage et Mastering du 1er album du groupe \u00abBorn from lie\u00bb\u00a0\u00a0\u00a0\u00a0\u00a0\u00a0\u00a0 \u00a0\u00a0 jdlhm-studio<\/p><p>.<\/p><p>Association<br \/>\u00abLe Baladeur\u00bb<br \/>Car d&rsquo;enregistrement Live et diffusion en direct sur YouTube: \u00ables Docks du Sud\u00bbMarseille, Pi\u00e8ce de th\u00e9\u00e2tre Festival d&rsquo;Avignon<\/p><p>.<\/p><p>2006 Blue Marlyn \u00ab\u00a0L&rsquo;Avenir est \u00e0 nous\u00a0\u00bbVid\u00e9o clip Kool Shen<\/p><p>.<\/p><p>2000-2002 AirProd \u00ab\u00a0Taratata\u00a0\u00bb<\/p><p>.<\/p><p>1992-1998 <span style=\"text-decoration: underline;\"><em><strong>Le Voyageur<\/strong><\/em><\/span>. Assistant car d&rsquo;enregistrement: live Bercy, Z\u00e9nith,La Cigale.\u00a0 \u00a0 \u00a0 \u00a0 \u00a0 \u00a0.<\/p><p>\u00a0<\/p><p>Documentaires\u00a0: Autofinanc\u00e9s sur id\u00e9es originales: Madagascar 1999-2002\/ Br\u00e9sil 2005<\/p><p>\u00a0<\/p><p><span style=\"text-decoration: underline; color: #ff6600;\"><em><strong><span style=\"color: #993300; text-decoration: underline;\">Montage Son<\/span><br \/><\/strong><\/em><\/span><\/p><p>\u00a0<\/p><p>NIKKON Festival \u00ab\u00a0Mais qu est-ce qu&rsquo;on attend\u00a0\u00bb de Mattias Gomis 2024<\/p><p>.<\/p><p>Documentaire \u00ab Guarani \u00bb de Pascal Ayala 2015<\/p><p>.<\/p><p>Fiction \u00ab\u00a02 Jours de Sortie\u00a0\u00bb 22 mins de Pascal Ayala 2019<\/p><p>.<\/p><p><span style=\"color: #800080;\"><span style=\"text-decoration: underline;\"><em>Musique Studio<\/em><\/span><br \/><\/span><\/p><p><span style=\"color: #800080;\">\u00a0<\/span><\/p><p>Basse,percussions . Notion de Claviers ,batterie.Jazz,funk<\/p><p><u>Mon Studio<\/u> :I9 Windows- 64G RAM -Apollo 6x -Dyn Audio BM6a -Contr\u00f4leurs Icon -Micros-Claviers-Batterie Electronique-Percussions<\/p><p>Compositions musiques et SoundDesign sur LUNA et\u00a0 NUENDO\/CUBASE (derni\u00e8re version)<\/p><p>.<label id=\"elementor-mode-switcher-preview\" title=\"Masquer le panneau (Ctrl + P)\" for=\"elementor-mode-switcher-preview-input\">\u00a0<span class=\"elementor-screen-only\">Masquer le panneau (Ctrl + P)<\/span> <\/label><\/p><p>Prises de son en ENG.<br \/>CANAL+, TF1, FRANCE 2, ANGEL-PROD, PAF PROD, PARIS NEWS, GULLI, M6, QUAD Prod, CAPA, Studio 89&#8230;<br \/>Itw, Mag, Sujets<br \/>Bein,Orange, C+ horizon<br \/>EUROMEDIA \/AMP :OPERATEUR TV sports.CANAL+ AMAZON Mixage commentateurs en direct<br \/>VCF Assistant Son<\/p><p><span style=\"text-decoration: underline;\"><em>FORMATIONS et STAGES<\/em><\/span><\/p><p>V.C.F<br \/>LE VOYAGEUR Car d&rsquo;enregistrement Live (Yves Jaget-Patrice Kramer):NTM,Veronique Samson,CLip France Gall,Paul Personne&#8230;<br \/>\u00c9cole de Technicien audiovisuelle \u00ab\u00a0LAZER\u00a0\u00bb(Paris)<\/p>\t\t\t\t\t\t\t\t<\/div>\n\t\t\t\t<\/div>\n\t\t\t\t\t<\/div>\n\t\t<\/div>\n\t\t\t\t\t<\/div>\n\t\t<\/section>\n\t\t\t\t<section class=\"elementor-section elementor-top-section elementor-element elementor-element-7f60713 elementor-section-boxed elementor-section-height-default elementor-section-height-default\" data-id=\"7f60713\" data-element_type=\"section\" data-e-type=\"section\">\n\t\t\t\t\t\t<div class=\"elementor-container elementor-column-gap-default\">\n\t\t\t\t\t<div class=\"elementor-column elementor-col-100 elementor-top-column elementor-element elementor-element-8186825\" data-id=\"8186825\" data-element_type=\"column\" data-e-type=\"column\">\n\t\t\t<div class=\"elementor-widget-wrap elementor-element-populated\">\n\t\t\t\t\t\t<div class=\"elementor-element elementor-element-f2efd0a elementor-widget-mobile__width-initial elementor-nav-menu--dropdown-tablet elementor-nav-menu__text-align-aside elementor-nav-menu--toggle elementor-nav-menu--burger elementor-widget elementor-widget-nav-menu\" data-id=\"f2efd0a\" data-element_type=\"widget\" data-e-type=\"widget\" data-settings=\"{&quot;layout&quot;:&quot;horizontal&quot;,&quot;submenu_icon&quot;:{&quot;value&quot;:&quot;&lt;i class=\\&quot;fas fa-caret-down\\&quot; aria-hidden=\\&quot;true\\&quot;&gt;&lt;\\\/i&gt;&quot;,&quot;library&quot;:&quot;fa-solid&quot;},&quot;toggle&quot;:&quot;burger&quot;}\" data-widget_type=\"nav-menu.default\">\n\t\t\t\t<div class=\"elementor-widget-container\">\n\t\t\t\t\t\t\t\t<nav aria-label=\"Menu\" class=\"elementor-nav-menu--main elementor-nav-menu__container elementor-nav-menu--layout-horizontal e--pointer-none\">\n\t\t\t\t<ul id=\"menu-1-f2efd0a\" class=\"elementor-nav-menu\"><li class=\"menu-item menu-item-type-post_type menu-item-object-page menu-item-home menu-item-5676\"><a href=\"https:\/\/jdlhm-studio.com\/\" class=\"elementor-item\">JdLHM-STUDIO<\/a><\/li>\n<li class=\"menu-item menu-item-type-post_type menu-item-object-page menu-item-5673\"><a href=\"https:\/\/jdlhm-studio.com\/index.php\/elementor-790\/sound-design\/\" class=\"elementor-item\">SOUND DESIGN<\/a><\/li>\n<li class=\"menu-item menu-item-type-post_type menu-item-object-page menu-item-5674\"><a href=\"https:\/\/jdlhm-studio.com\/index.php\/elementor-790\/creations-musicales\/\" class=\"elementor-item\">CREATIONS MUSICALES<\/a><\/li>\n<li class=\"menu-item menu-item-type-post_type menu-item-object-page menu-item-5675\"><a href=\"https:\/\/jdlhm-studio.com\/index.php\/elementor-790\/studio-inthebox\/\" class=\"elementor-item\">Le STUDIO<\/a><\/li>\n<\/ul>\t\t\t<\/nav>\n\t\t\t\t\t<div class=\"elementor-menu-toggle\" role=\"button\" tabindex=\"0\" aria-label=\"Permuter le menu\" aria-expanded=\"false\">\n\t\t\t<i aria-hidden=\"true\" role=\"presentation\" class=\"elementor-menu-toggle__icon--open eicon-menu-bar\"><\/i><i aria-hidden=\"true\" role=\"presentation\" class=\"elementor-menu-toggle__icon--close eicon-close\"><\/i>\t\t<\/div>\n\t\t\t\t\t<nav class=\"elementor-nav-menu--dropdown elementor-nav-menu__container\" aria-hidden=\"true\">\n\t\t\t\t<ul id=\"menu-2-f2efd0a\" class=\"elementor-nav-menu\"><li class=\"menu-item menu-item-type-post_type menu-item-object-page menu-item-home menu-item-5676\"><a href=\"https:\/\/jdlhm-studio.com\/\" class=\"elementor-item\" tabindex=\"-1\">JdLHM-STUDIO<\/a><\/li>\n<li class=\"menu-item menu-item-type-post_type menu-item-object-page menu-item-5673\"><a href=\"https:\/\/jdlhm-studio.com\/index.php\/elementor-790\/sound-design\/\" class=\"elementor-item\" tabindex=\"-1\">SOUND DESIGN<\/a><\/li>\n<li class=\"menu-item menu-item-type-post_type menu-item-object-page menu-item-5674\"><a href=\"https:\/\/jdlhm-studio.com\/index.php\/elementor-790\/creations-musicales\/\" class=\"elementor-item\" tabindex=\"-1\">CREATIONS MUSICALES<\/a><\/li>\n<li class=\"menu-item menu-item-type-post_type menu-item-object-page menu-item-5675\"><a href=\"https:\/\/jdlhm-studio.com\/index.php\/elementor-790\/studio-inthebox\/\" class=\"elementor-item\" tabindex=\"-1\">Le STUDIO<\/a><\/li>\n<\/ul>\t\t\t<\/nav>\n\t\t\t\t\t\t<\/div>\n\t\t\t\t<\/div>\n\t\t\t\t\t<\/div>\n\t\t<\/div>\n\t\t\t\t\t<\/div>\n\t\t<\/section>\n\t\t\t\t<section class=\"elementor-section elementor-top-section elementor-element elementor-element-af9adee elementor-section-boxed elementor-section-height-default elementor-section-height-default\" data-id=\"af9adee\" data-element_type=\"section\" data-e-type=\"section\">\n\t\t\t\t\t\t<div class=\"elementor-container elementor-column-gap-default\">\n\t\t\t\t\t<div class=\"elementor-column elementor-col-100 elementor-top-column elementor-element elementor-element-94d374f\" data-id=\"94d374f\" data-element_type=\"column\" data-e-type=\"column\">\n\t\t\t<div class=\"elementor-widget-wrap elementor-element-populated\">\n\t\t\t\t\t\t<div class=\"elementor-element elementor-element-475ea13 elementor-widget elementor-widget-spacer\" data-id=\"475ea13\" data-element_type=\"widget\" data-e-type=\"widget\" data-widget_type=\"spacer.default\">\n\t\t\t\t<div class=\"elementor-widget-container\">\n\t\t\t\t\t\t\t<div class=\"elementor-spacer\">\n\t\t\t<div class=\"elementor-spacer-inner\"><\/div>\n\t\t<\/div>\n\t\t\t\t\t\t<\/div>\n\t\t\t\t<\/div>\n\t\t\t\t\t<\/div>\n\t\t<\/div>\n\t\t\t\t\t<\/div>\n\t\t<\/section>\n\t\t\t\t<\/div>\n\t\t","protected":false},"excerpt":{"rendered":"<p>cv jdlhm-studio@protonmail.com Julien de La Hautemaison Chef 0p\u00e9rateur du Son Lien IMDB Materiel ENG\/Prise de Son . FICTION-TV 2024-2025\u00a0 Newen Prod. \u00ab\u00a0Plus belle la vie\u00a0\u00bb (Perchman) . 2013-2025 Tf1 Prod \u00abPetits Secrets en Famille, PSe Voisins ,Une Histoire une Urgence\u00bb 200 \u00e9pisodes\u00a0 2018\/2020 France2 \u00ab\u00a0Un si grand soleil\u00a0\u00bb . 2018 Black Dynamite-CANAL+\u00a0\u00bb Selon Thomas\u00a0\u00bb \u00a0 [&hellip;]<\/p>\n","protected":false},"author":1,"featured_media":0,"parent":0,"menu_order":0,"comment_status":"closed","ping_status":"closed","template":"elementor_canvas","meta":{"footnotes":""},"class_list":["post-5658","page","type-page","status-publish","hentry"],"_links":{"self":[{"href":"https:\/\/jdlhm-studio.com\/index.php\/wp-json\/wp\/v2\/pages\/5658","targetHints":{"allow":["GET"]}}],"collection":[{"href":"https:\/\/jdlhm-studio.com\/index.php\/wp-json\/wp\/v2\/pages"}],"about":[{"href":"https:\/\/jdlhm-studio.com\/index.php\/wp-json\/wp\/v2\/types\/page"}],"author":[{"embeddable":true,"href":"https:\/\/jdlhm-studio.com\/index.php\/wp-json\/wp\/v2\/users\/1"}],"replies":[{"embeddable":true,"href":"https:\/\/jdlhm-studio.com\/index.php\/wp-json\/wp\/v2\/comments?post=5658"}],"version-history":[{"count":634,"href":"https:\/\/jdlhm-studio.com\/index.php\/wp-json\/wp\/v2\/pages\/5658\/revisions"}],"predecessor-version":[{"id":9081,"href":"https:\/\/jdlhm-studio.com\/index.php\/wp-json\/wp\/v2\/pages\/5658\/revisions\/9081"}],"wp:attachment":[{"href":"https:\/\/jdlhm-studio.com\/index.php\/wp-json\/wp\/v2\/media?parent=5658"}],"curies":[{"name":"wp","href":"https:\/\/api.w.org\/{rel}","templated":true}]}}